{"id":44,"date":"2022-01-11T12:22:14","date_gmt":"2022-01-11T12:22:14","guid":{"rendered":"http:\/\/weedninja.ca\/?page_id=44"},"modified":"2022-01-17T19:56:21","modified_gmt":"2022-01-17T19:56:21","slug":"create-your-website-with-blocks","status":"publish","type":"page","link":"http:\/\/weedninja.ca\/fr\/","title":{"rendered":"Home"},"content":{"rendered":"\n<h2 class=\"has-text-align-center wp-block-heading\">WEED NINJA &#8211; EXTRACTEUR<\/h2>\n\n\n\n<figure class=\"wp-block-image size-large is-resized\"><a href=\"http:\/\/weedninja.ca\/wp-content\/uploads\/2022\/01\/WeedNinja-Product.jpg\"><img loading=\"lazy\" decoding=\"async\" src=\"http:\/\/weedninja.ca\/wp-content\/uploads\/2022\/01\/WeedNinja-Product-1024x114.jpg\" alt=\"\" class=\"wp-image-26\" width=\"900\" height=\"100\" srcset=\"http:\/\/weedninja.ca\/wp-content\/uploads\/2022\/01\/WeedNinja-Product-1024x114.jpg 1024w, http:\/\/weedninja.ca\/wp-content\/uploads\/2022\/01\/WeedNinja-Product-300x33.jpg 300w, http:\/\/weedninja.ca\/wp-content\/uploads\/2022\/01\/WeedNinja-Product-768x86.jpg 768w, http:\/\/weedninja.ca\/wp-content\/uploads\/2022\/01\/WeedNinja-Product-1536x171.jpg 1536w, http:\/\/weedninja.ca\/wp-content\/uploads\/2022\/01\/WeedNinja-Product.jpg 2000w\" sizes=\"auto, (max-width: 900px) 100vw, 900px\" \/><\/a><\/figure>\n\n\n\n<h2 class=\"has-text-align-center wp-block-heading\">ENFONCER \u2022 RETIRER \u2022 \u00c9JECTER<\/h2>\n\n\n\n<figure class=\"wp-block-video\"><video autoplay controls loop muted preload=\"none\" src=\"http:\/\/weedninja.ca\/wp-content\/uploads\/2022\/01\/weedninja-fr.mp4\"><\/video><\/figure>\n\n\n\n<h2 class=\"has-text-align-center wp-block-heading\">Extraire la racine et enlever d\u00e9finitivement la mauvaise herbe <\/h2>\n\n\n\n<p class=\"has-medium-font-size\">L\u2019extracteur Weed Ninja int\u00e8gre un design innovant et une ergonomie \u00e9tonnante pour vous aider \u00e0 \u00e9liminer les plantes envahissantes de votre pelouse et de votre jardin sans besoin de forcer ni d&rsquo;utilisez des herbicides chimiques agressifs. L\u2019extracteur Weed Ninja est con\u00e7u pour vous aider \u00e0 \u00e9liminer les mauvaises herbes et leurs racines sans avoir mal aux genoux en s\u2019agenouillant ou en se pliant. <\/p>\n\n\n\n<p class=\"has-medium-font-size\">Placez simplement la t\u00eate sur une mauvaise herbe, descendez sur la plate-forme de pied, la carottier en acier inoxydable s&rsquo;insert facilement tuent la racine et non votre pelouse. Le nettoyage est rapide et facile, il suffit d\u2019appuyer sur le m\u00e9canisme d\u2019\u00e9jection \u00e0 ressort et d&rsquo;\u00e9ject\u00e9 la racine.<\/p>\n\n\n\n<div class=\"wp-block-columns is-layout-flex wp-container-core-columns-is-layout-1 wp-block-columns-is-layout-flex\">\n<div class=\"wp-block-column is-layout-flow wp-block-column-is-layout-flow\">\n<figure class=\"wp-block-image size-full\"><img loading=\"lazy\" decoding=\"async\" width=\"639\" height=\"578\" src=\"http:\/\/weedninja.ca\/wp-content\/uploads\/2022\/01\/SpringGif.gif\" alt=\"\" class=\"wp-image-60\"\/><\/figure>\n\n\n\n<h2 class=\"has-text-align-center wp-block-heading\">Poign\u00e9e <br>\u00e0 ressort<\/h2>\n<\/div>\n\n\n\n<div class=\"wp-block-column is-layout-flow wp-block-column-is-layout-flow\">\n<figure class=\"wp-block-image size-full\"><img loading=\"lazy\" decoding=\"async\" width=\"639\" height=\"578\" src=\"http:\/\/weedninja.ca\/wp-content\/uploads\/2022\/01\/ErgonomicHandle.gif\" alt=\"\" class=\"wp-image-56\"\/><\/figure>\n\n\n\n<h2 class=\"has-text-align-center wp-block-heading\">Carottier en acier inoxydable avec \u00e9jection facile du carotte<\/h2>\n<\/div>\n<\/div>\n\n\n\n<h2 class=\"has-large-font-size wp-block-heading\">Caract\u00e9ristiques<\/h2>\n\n\n\n<ul class=\"has-medium-font-size wp-block-list\"><li>Excelle dans tous les types de sols : secs, d\u00e9tremp\u00e9s, compact\u00e9s, sablonneux.<\/li><li>L\u2019extracteur de mauvaises herbes de pr\u00e9cision permet d\u2019\u00e9conomiser votre pelouse en \u00e9liminant jusqu\u2019\u00e0 80 % de la zone environnante en moins.<\/li><li>Conception robuste, l\u00e9g\u00e8re et ergonomique.<\/li><li>\u00c0 102 cm de long, c\u2019est la hauteur parfaite pour \u00e9liminer les genoux endoloris en s\u2019agenouillant et les maux de dos en se penchant et en se baissant.<\/li><li>Le m\u00e9canisme d\u2019\u00e9jection \u00e0 ressort d\u00e9gage la t\u00eate en poussant la racine \u00e9vid\u00e9e pour une \u00e9limination facile.<\/li><li>La plate-forme de pied facilite la descente, maximisant la force de p\u00e9n\u00e9tration dans les sols durs.<\/li><li>La conception ergonomique de la poign\u00e9e aide \u00e0 garder votre poignet dans une position neutre pour une utilisation plus confortable<\/li><li>Le tuyeau en acier robuste offre une valeur durable<\/li><\/ul>\n\n\n\n<p>.<\/p>\n\n\n\n<div class=\"wp-block-columns is-layout-flex wp-container-core-columns-is-layout-2 wp-block-columns-is-layout-flex\">\n<div class=\"wp-block-column is-layout-flow wp-block-column-is-layout-flow\">\n<figure class=\"wp-block-image size-full\"><img loading=\"lazy\" decoding=\"async\" width=\"639\" height=\"578\" src=\"http:\/\/weedninja.ca\/wp-content\/uploads\/2022\/01\/ErgonomicHandle.jpg\" alt=\"\" class=\"wp-image-58\" srcset=\"http:\/\/weedninja.ca\/wp-content\/uploads\/2022\/01\/ErgonomicHandle.jpg 639w, http:\/\/weedninja.ca\/wp-content\/uploads\/2022\/01\/ErgonomicHandle-300x271.jpg 300w\" sizes=\"auto, (max-width: 639px) 100vw, 639px\" \/><\/figure>\n\n\n\n<p class=\"has-text-align-center\">Ergonomique<\/p>\n<\/div>\n\n\n\n<div class=\"wp-block-column is-layout-flow wp-block-column-is-layout-flow\">\n<figure class=\"wp-block-image size-full\"><img loading=\"lazy\" decoding=\"async\" width=\"639\" height=\"578\" src=\"http:\/\/weedninja.ca\/wp-content\/uploads\/2022\/01\/SpringHandle.jpg\" alt=\"\" class=\"wp-image-64\" srcset=\"http:\/\/weedninja.ca\/wp-content\/uploads\/2022\/01\/SpringHandle.jpg 639w, http:\/\/weedninja.ca\/wp-content\/uploads\/2022\/01\/SpringHandle-300x271.jpg 300w\" sizes=\"auto, (max-width: 639px) 100vw, 639px\" \/><\/figure>\n\n\n\n<p class=\"has-text-align-center\">Poign\u00e9e confort<\/p>\n<\/div>\n\n\n\n<div class=\"wp-block-column is-layout-flow wp-block-column-is-layout-flow\">\n<figure class=\"wp-block-image size-full\"><img loading=\"lazy\" decoding=\"async\" width=\"639\" height=\"578\" src=\"http:\/\/weedninja.ca\/wp-content\/uploads\/2022\/01\/Foot.jpg\" alt=\"\" class=\"wp-image-66\" srcset=\"http:\/\/weedninja.ca\/wp-content\/uploads\/2022\/01\/Foot.jpg 639w, http:\/\/weedninja.ca\/wp-content\/uploads\/2022\/01\/Foot-300x271.jpg 300w\" sizes=\"auto, (max-width: 639px) 100vw, 639px\" \/><\/figure>\n\n\n\n<p class=\"has-text-align-center\">1 po. de diam\u00e8tre<\/p>\n<\/div>\n\n\n\n<div class=\"wp-block-column is-layout-flow wp-block-column-is-layout-flow\">\n<figure class=\"wp-block-image size-full\"><img loading=\"lazy\" decoding=\"async\" width=\"639\" height=\"578\" src=\"http:\/\/weedninja.ca\/wp-content\/uploads\/2022\/01\/HeightGif.jpg\" alt=\"\" class=\"wp-image-68\" srcset=\"http:\/\/weedninja.ca\/wp-content\/uploads\/2022\/01\/HeightGif.jpg 639w, http:\/\/weedninja.ca\/wp-content\/uploads\/2022\/01\/HeightGif-300x271.jpg 300w\" sizes=\"auto, (max-width: 639px) 100vw, 639px\" \/><\/figure>\n\n\n\n<p class=\"has-text-align-center\">Longueur parfait<\/p>\n<\/div>\n\n\n\n<div class=\"wp-block-column is-layout-flow wp-block-column-is-layout-flow\">\n<figure class=\"wp-block-image size-full\"><img loading=\"lazy\" decoding=\"async\" width=\"639\" height=\"578\" src=\"http:\/\/weedninja.ca\/wp-content\/uploads\/2022\/01\/weight.jpg\" alt=\"\" class=\"wp-image-70\" srcset=\"http:\/\/weedninja.ca\/wp-content\/uploads\/2022\/01\/weight.jpg 639w, http:\/\/weedninja.ca\/wp-content\/uploads\/2022\/01\/weight-300x271.jpg 300w\" sizes=\"auto, (max-width: 639px) 100vw, 639px\" \/><\/figure>\n\n\n\n<p class=\"has-text-align-center\">L\u00e9gere<\/p>\n<\/div>\n<\/div>\n\n\n\n<div class=\"wp-block-columns is-layout-flex wp-container-core-columns-is-layout-3 wp-block-columns-is-layout-flex\">\n<div class=\"wp-block-column is-layout-flow wp-block-column-is-layout-flow\">\n<div class=\"wp-block-image\"><figure class=\"aligncenter size-full\"><img loading=\"lazy\" decoding=\"async\" width=\"244\" height=\"211\" src=\"http:\/\/weedninja.ca\/wp-content\/uploads\/2022\/01\/Canafa.jpg\" alt=\"\" class=\"wp-image-27\"\/><\/figure><\/div>\n<\/div>\n\n\n\n<div class=\"wp-block-column is-layout-flow wp-block-column-is-layout-flow\">\n<h2 class=\"wp-block-heading\">Con\u00e7u au Canada<br>par des Canadiens<br>pour une entreprise canadienne.<br>L\u2019HERBE, ON CONNAIT \u00c7A<sup>MD<\/sup><\/h2>\n<\/div>\n<\/div>\n\n\n\n<div class=\"wp-block-columns is-layout-flex wp-container-core-columns-is-layout-4 wp-block-columns-is-layout-flex\">\n<div class=\"wp-block-column is-vertically-aligned-center is-layout-flow wp-block-column-is-layout-flow\">\n<h2 class=\"has-text-align-center has-large-font-size wp-block-heading\"><strong>Garantie de 5 ans<\/strong><\/h2>\n\n\n\n<h3 class=\"has-text-align-center wp-block-heading\" id=\"block-7eea70e3-452d-4108-b83f-2b50bf2905b4\">contre les d\u00e9fauts de mat\u00e9riel et<br>de fabrication et ce, \u00e0 partir de la<br>date d\u2019achat, sous r\u00e9serve de conditions normales d\u2019usage r\u00e9sidentiel.<\/h3>\n<\/div>\n\n\n\n<div class=\"wp-block-column is-layout-flow wp-block-column-is-layout-flow\">\n<div class=\"wp-block-image\"><figure class=\"aligncenter size-medium\"><img loading=\"lazy\" decoding=\"async\" width=\"300\" height=\"295\" src=\"http:\/\/weedninja.ca\/wp-content\/uploads\/2022\/01\/Warrant-EN-300x295.jpg\" alt=\"\" class=\"wp-image-28\" srcset=\"http:\/\/weedninja.ca\/wp-content\/uploads\/2022\/01\/Warrant-EN-300x295.jpg 300w, http:\/\/weedninja.ca\/wp-content\/uploads\/2022\/01\/Warrant-EN.jpg 332w\" sizes=\"auto, (max-width: 300px) 100vw, 300px\" \/><\/figure><\/div>\n<\/div>\n<\/div>\n\n\n\n<hr class=\"wp-block-separator\"\/>\n\n\n<div class=\"wpforms-container wpforms-container-full wpforms-block\" id=\"wpforms-90\"><form id=\"wpforms-form-90\" class=\"wpforms-validate wpforms-form wpforms-ajax-form\" data-formid=\"90\" method=\"post\" enctype=\"multipart\/form-data\" action=\"\/fr\/wp-json\/wp\/v2\/pages\/44\" data-token=\"c3a4d91aeba2e07f73959049ff35fb04\"><noscript class=\"wpforms-error-noscript\">Veuillez activer JavaScript dans votre navigateur pour remplir ce formulaire.<\/noscript><div class=\"wpforms-field-container\"><div id=\"wpforms-90-field_0-container\" class=\"wpforms-field wpforms-field-name\" data-field-id=\"0\"><label class=\"wpforms-field-label\" for=\"wpforms-90-field_0\">Nom <span class=\"wpforms-required-label\">*<\/span><\/label><div class=\"wpforms-field-row wpforms-field-medium\"><div class=\"wpforms-field-row-block wpforms-first wpforms-one-half\"><input type=\"text\" id=\"wpforms-90-field_0\" class=\"wpforms-field-name-first wpforms-field-required\" name=\"wpforms[fields][0][first]\" placeholder=\"Pr\u00e9nom\" required><label for=\"wpforms-90-field_0\" class=\"wpforms-field-sublabel after wpforms-sublabel-hide\">Pr\u00e9nom<\/label><\/div><div class=\"wpforms-field-row-block wpforms-one-half\"><input type=\"text\" id=\"wpforms-90-field_0-last\" class=\"wpforms-field-name-last wpforms-field-required\" name=\"wpforms[fields][0][last]\" placeholder=\"Nom\" required><label for=\"wpforms-90-field_0-last\" class=\"wpforms-field-sublabel after wpforms-sublabel-hide\">Nom<\/label><\/div><\/div><\/div><div id=\"wpforms-90-field_1-container\" class=\"wpforms-field wpforms-field-email\" data-field-id=\"1\"><label class=\"wpforms-field-label\" for=\"wpforms-90-field_1\">Courriel <span class=\"wpforms-required-label\">*<\/span><\/label><input type=\"email\" id=\"wpforms-90-field_1\" class=\"wpforms-field-medium wpforms-field-required\" name=\"wpforms[fields][1]\" spellcheck=\"false\" required><\/div><div id=\"wpforms-90-field_2-container\" class=\"wpforms-field wpforms-field-textarea\" data-field-id=\"2\"><label class=\"wpforms-field-label\" for=\"wpforms-90-field_2\">Commentaire ou message <span class=\"wpforms-required-label\">*<\/span><\/label><textarea id=\"wpforms-90-field_2\" class=\"wpforms-field-medium wpforms-field-required\" name=\"wpforms[fields][2]\" required><\/textarea><\/div><\/div><!-- .wpforms-field-container --><div class=\"wpforms-submit-container\" ><input type=\"hidden\" name=\"wpforms[id]\" value=\"90\"><input type=\"hidden\" name=\"wpforms[author]\" value=\"2\"><button type=\"submit\" name=\"wpforms[submit]\" id=\"wpforms-submit-90\" class=\"wpforms-submit\" data-alt-text=\"Envoie...\" data-submit-text=\"Soumettre\" aria-live=\"assertive\" value=\"wpforms-submit\">Soumettre<\/button><img loading=\"lazy\" decoding=\"async\" src=\"http:\/\/weedninja.ca\/wp-content\/plugins\/wpforms-lite\/assets\/images\/submit-spin.svg\" class=\"wpforms-submit-spinner\" style=\"display: none;\" width=\"26\" height=\"26\" alt=\"Chargement en cours\"><\/div><\/form><\/div>  <!-- .wpforms-container -->\n\n\n<hr class=\"wp-block-separator\"\/>\n\n\n\n<div class=\"wp-block-columns is-layout-flex wp-container-core-columns-is-layout-6 wp-block-columns-is-layout-flex\">\n<div class=\"wp-block-column is-layout-flow wp-block-column-is-layout-flow\" style=\"flex-basis:25%\"><\/div>\n\n\n\n<div class=\"wp-block-column is-layout-flow wp-block-column-is-layout-flow\" style=\"flex-basis:50%\">\n<div class=\"wp-block-columns is-layout-flex wp-container-core-columns-is-layout-5 wp-block-columns-is-layout-flex\">\n<div class=\"wp-block-column is-vertically-aligned-center is-layout-flow wp-block-column-is-layout-flow\">\n<h3 class=\"wp-block-heading\">D\u00e9couvrez :<\/h3>\n<\/div>\n\n\n\n<div class=\"wp-block-column is-layout-flow wp-block-column-is-layout-flow\">\n<figure class=\"wp-block-image size-full\"><img loading=\"lazy\" decoding=\"async\" width=\"1000\" height=\"491\" src=\"http:\/\/weedninja.ca\/wp-content\/uploads\/2022\/01\/LogoName.png\" alt=\"\" class=\"wp-image-74\" srcset=\"http:\/\/weedninja.ca\/wp-content\/uploads\/2022\/01\/LogoName.png 1000w, http:\/\/weedninja.ca\/wp-content\/uploads\/2022\/01\/LogoName-300x147.png 300w, http:\/\/weedninja.ca\/wp-content\/uploads\/2022\/01\/LogoName-768x377.png 768w\" sizes=\"auto, (max-width: 1000px) 100vw, 1000px\" \/><\/figure>\n\n\n\n<h4 class=\"wp-block-heading\"> <\/h4>\n<\/div>\n<\/div>\n<\/div>\n\n\n\n<div class=\"wp-block-column is-layout-flow wp-block-column-is-layout-flow\" style=\"flex-basis:25%\"><\/div>\n<\/div>\n\n\n\n<p><\/p>\n","protected":false},"excerpt":{"rendered":"<p>WEED NINJA &#8211; EXTRACTEUR ENFONCER \u2022 RETIRER \u2022 \u00c9JECTER Extraire la racine et enlever d\u00e9finitivement la mauvaise herbe L\u2019extracteur Weed Ninja int\u00e8gre un design innovant et une ergonomie \u00e9tonnante pour vous aider \u00e0 \u00e9liminer les plantes envahissantes de votre pelouse et de votre jardin sans besoin de forcer ni d&rsquo;utilisez des herbicides chimiques agressifs. L\u2019extracteur [&hellip;]<\/p>\n","protected":false},"author":2,"featured_media":0,"parent":0,"menu_order":0,"comment_status":"closed","ping_status":"closed","template":"","meta":{"footnotes":""},"class_list":["post-44","page","type-page","status-publish","hentry"],"_links":{"self":[{"href":"http:\/\/weedninja.ca\/fr\/wp-json\/wp\/v2\/pages\/44","targetHints":{"allow":["GET"]}}],"collection":[{"href":"http:\/\/weedninja.ca\/fr\/wp-json\/wp\/v2\/pages"}],"about":[{"href":"http:\/\/weedninja.ca\/fr\/wp-json\/wp\/v2\/types\/page"}],"author":[{"embeddable":true,"href":"http:\/\/weedninja.ca\/fr\/wp-json\/wp\/v2\/users\/2"}],"replies":[{"embeddable":true,"href":"http:\/\/weedninja.ca\/fr\/wp-json\/wp\/v2\/comments?post=44"}],"version-history":[{"count":7,"href":"http:\/\/weedninja.ca\/fr\/wp-json\/wp\/v2\/pages\/44\/revisions"}],"predecessor-version":[{"id":91,"href":"http:\/\/weedninja.ca\/fr\/wp-json\/wp\/v2\/pages\/44\/revisions\/91"}],"wp:attachment":[{"href":"http:\/\/weedninja.ca\/fr\/wp-json\/wp\/v2\/media?parent=44"}],"curies":[{"name":"wp","href":"https:\/\/api.w.org\/{rel}","templated":true}]}}